{"id":304,"date":"2024-03-18T11:48:55","date_gmt":"2024-03-18T10:48:55","guid":{"rendered":"https:\/\/silk-key.fr\/?page_id=304"},"modified":"2024-03-26T18:30:08","modified_gmt":"2024-03-26T17:30:08","slug":"a-propos","status":"publish","type":"page","link":"https:\/\/silk-key.fr\/","title":{"rendered":"A propos"},"content":{"rendered":"\t\t<div data-elementor-type=\"wp-page\" data-elementor-id=\"304\" class=\"elementor elementor-304\">\n\t\t\t\t<div class=\"elementor-element elementor-element-a3c7105 e-con-full e-flex wpr-particle-no wpr-jarallax-no wpr-parallax-no wpr-sticky-section-no e-con e-parent\" data-id=\"a3c7105\" data-element_type=\"container\" data-settings=\"{&quot;background_background&quot;:&quot;classic&quot;}\" data-core-v316-plus=\"true\">\n\t\t\t\t<div class=\"elementor-element elementor-element-361cea6 elementor-widget elementor-widget-spacer\" data-id=\"361cea6\" data-element_type=\"widget\" data-widget_type=\"spacer.default\">\n\t\t\t\t<div class=\"elementor-widget-container\">\n\t\t\t<style>\/*! elementor - v3.20.0 - 26-03-2024 *\/\n.elementor-column .elementor-spacer-inner{height:var(--spacer-size)}.e-con{--container-widget-width:100%}.e-con-inner>.elementor-widget-spacer,.e-con>.elementor-widget-spacer{width:var(--container-widget-width,var(--spacer-size));--align-self:var(--container-widget-align-self,initial);--flex-shrink:0}.e-con-inner>.elementor-widget-spacer>.elementor-widget-container,.e-con>.elementor-widget-spacer>.elementor-widget-container{height:100%;width:100%}.e-con-inner>.elementor-widget-spacer>.elementor-widget-container>.elementor-spacer,.e-con>.elementor-widget-spacer>.elementor-widget-container>.elementor-spacer{height:100%}.e-con-inner>.elementor-widget-spacer>.elementor-widget-container>.elementor-spacer>.elementor-spacer-inner,.e-con>.elementor-widget-spacer>.elementor-widget-container>.elementor-spacer>.elementor-spacer-inner{height:var(--container-widget-height,var(--spacer-size))}.e-con-inner>.elementor-widget-spacer.elementor-widget-empty,.e-con>.elementor-widget-spacer.elementor-widget-empty{position:relative;min-height:22px;min-width:22px}.e-con-inner>.elementor-widget-spacer.elementor-widget-empty .elementor-widget-empty-icon,.e-con>.elementor-widget-spacer.elementor-widget-empty .elementor-widget-empty-icon{position:absolute;top:0;bottom:0;left:0;right:0;margin:auto;padding:0;width:22px;height:22px}<\/style>\t\t<div class=\"elementor-spacer\">\n\t\t\t<div class=\"elementor-spacer-inner\"><\/div>\n\t\t<\/div>\n\t\t\t\t<\/div>\n\t\t\t\t<\/div>\n\t\t<div class=\"elementor-element elementor-element-c1da3c7 e-flex e-con-boxed wpr-particle-no wpr-jarallax-no wpr-parallax-no wpr-sticky-section-no e-con e-child\" data-id=\"c1da3c7\" data-element_type=\"container\">\n\t\t\t\t\t<div class=\"e-con-inner\">\n\t\t\t\t<div class=\"elementor-element elementor-element-f1d0fce elementor-widget elementor-widget-eael-creative-button\" data-id=\"f1d0fce\" data-element_type=\"widget\" data-widget_type=\"eael-creative-button.default\">\n\t\t\t\t<div class=\"elementor-widget-container\">\n\t\t\t        <div class=\"eael-creative-button-wrapper\">\n\n            <a class=\"eael-creative-button eael-creative-button--default\" href=\"#\" data-text=\"\">\n\n\t    \n                <div class=\"creative-button-inner\">\n\n                    \n                    <span class=\"cretive-button-text\">A PROPOS<\/span>\n\n                                    <\/div>\n\t                        <\/a>\n        <\/div>\n\t\t<\/div>\n\t\t\t\t<\/div>\n\t\t\t\t\t<\/div>\n\t\t\t\t<\/div>\n\t\t\t\t<div class=\"elementor-element elementor-element-d8190b1 elementor-widget elementor-widget-heading\" data-id=\"d8190b1\" data-element_type=\"widget\" data-widget_type=\"heading.default\">\n\t\t\t\t<div class=\"elementor-widget-container\">\n\t\t\t<style>\/*! elementor - v3.20.0 - 26-03-2024 *\/\n.elementor-heading-title{padding:0;margin:0;line-height:1}.elementor-widget-heading .elementor-heading-title[class*=elementor-size-]>a{color:inherit;font-size:inherit;line-height:inherit}.elementor-widget-heading .elementor-heading-title.elementor-size-small{font-size:15px}.elementor-widget-heading .elementor-heading-title.elementor-size-medium{font-size:19px}.elementor-widget-heading .elementor-heading-title.elementor-size-large{font-size:29px}.elementor-widget-heading .elementor-heading-title.elementor-size-xl{font-size:39px}.elementor-widget-heading .elementor-heading-title.elementor-size-xxl{font-size:59px}<\/style><h1 class=\"elementor-heading-title elementor-size-default\">Confiez la gestion de votre bien \u00e0 des experts de la gestion locative<\/h1>\t\t<\/div>\n\t\t\t\t<\/div>\n\t\t\t\t<\/div>\n\t\t<div class=\"elementor-element elementor-element-7e2971e e-con-full e-flex wpr-particle-no wpr-jarallax-no wpr-parallax-no wpr-sticky-section-no e-con e-parent\" data-id=\"7e2971e\" data-element_type=\"container\" data-core-v316-plus=\"true\">\n\t\t\t\t<div class=\"elementor-element elementor-element-4839ead elementor-widget elementor-widget-text-editor\" data-id=\"4839ead\" data-element_type=\"widget\" data-widget_type=\"text-editor.default\">\n\t\t\t\t<div class=\"elementor-widget-container\">\n\t\t\t<style>\/*! elementor - v3.20.0 - 26-03-2024 *\/\n.elementor-widget-text-editor.elementor-drop-cap-view-stacked .elementor-drop-cap{background-color:#69727d;color:#fff}.elementor-widget-text-editor.elementor-drop-cap-view-framed .elementor-drop-cap{color:#69727d;border:3px solid;background-color:transparent}.elementor-widget-text-editor:not(.elementor-drop-cap-view-default) .elementor-drop-cap{margin-top:8px}.elementor-widget-text-editor:not(.elementor-drop-cap-view-default) .elementor-drop-cap-letter{width:1em;height:1em}.elementor-widget-text-editor .elementor-drop-cap{float:left;text-align:center;line-height:1;font-size:50px}.elementor-widget-text-editor .elementor-drop-cap-letter{display:inline-block}<\/style>\t\t\t\t<p>&#8220;D\u00e9couvrez l&#8217;excellence <span class=\"styles_wordWithSynonyms__8M9z7\">avec<\/span> Silk Key, votre <span class=\"styles_wordWithSynonyms__8M9z7\">agence<\/span> tout-en-un. Maximisez vos <span class=\"styles_wordWithSynonyms__8M9z7\">revenus<\/span> locatifs <span class=\"styles_wordWithSynonyms__8M9z7\">sans<\/span> <span class=\"styles_wordWithSynonyms__8M9z7\">souci<\/span> <span class=\"styles_wordWithSynonyms__8M9z7\">gr\u00e2ce<\/span> <span class=\"styles_wordWithSynonyms__8M9z7\">\u00e0<\/span> <span class=\"styles_wordWithSynonyms__8M9z7\">notre<\/span> <span class=\"styles_wordWithSynonyms__8M9z7\">\u00e9quipe<\/span> <span class=\"styles_wordWithSynonyms__8M9z7\">de<\/span> <span class=\"styles_wordWithSynonyms__8M9z7\">gestion<\/span> locative <span class=\"styles_wordWithSynonyms__8M9z7\">professionnelle<\/span>. B\u00e9n\u00e9ficiez d&#8217;une <span class=\"styles_wordWithSynonyms__8M9z7\">garantie<\/span> <span class=\"styles_wordWithSynonyms__8M9z7\">de<\/span> <span class=\"styles_wordWithSynonyms__8M9z7\">loyer<\/span> <span class=\"styles_wordWithSynonyms__8M9z7\">mensuel<\/span> <span class=\"styles_wordWithSynonyms__8M9z7\">fixe<\/span> une <span class=\"styles_wordWithSynonyms__8M9z7\">fois<\/span> votre <span class=\"styles_wordWithSynonyms__8M9z7\">bail<\/span> <span class=\"styles_wordWithSynonyms__8M9z7\">sign\u00e9<\/span>, <span class=\"styles_wordWithSynonyms__8M9z7\">et<\/span> <span class=\"styles_wordWithSynonyms__8M9z7\">compl\u00e8te<\/span> G\u00e9rez <span class=\"styles_wordWithSynonyms__8M9z7\">toutes<\/span> <span class=\"styles_wordWithSynonyms__8M9z7\">les<\/span> <span class=\"styles_wordWithSynonyms__8M9z7\">t\u00e2ches<\/span> <span class=\"styles_wordWithSynonyms__8M9z7\">de<\/span> <span class=\"styles_wordWithSynonyms__8M9z7\">gestion<\/span> <span class=\"styles_wordWithSynonyms__8M9z7\">de<\/span> votre Votre <span class=\"styles_wordWithSynonyms__8M9z7\">bien<\/span> <span class=\"styles_wordWithSynonyms__8M9z7\">sera<\/span> soigneusement <span class=\"styles_wordWithSynonyms__8M9z7\">mis<\/span> <span class=\"styles_wordWithSynonyms__8M9z7\">en<\/span> <span class=\"styles_wordWithSynonyms__8M9z7\">avant<\/span> <span class=\"styles_wordWithSynonyms__8M9z7\">sur<\/span> <span class=\"styles_wordWithSynonyms__8M9z7\">la<\/span> <span class=\"styles_wordWithSynonyms__8M9z7\">plateforme<\/span> <span class=\"styles_wordWithSynonyms__8M9z7\">de<\/span> <span class=\"styles_wordWithSynonyms__8M9z7\">location<\/span> <span class=\"styles_wordWithSynonyms__8M9z7\">courte<\/span> <span class=\"styles_wordWithSynonyms__8M9z7\">dur\u00e9e<\/span>, ciblant une <span class=\"styles_wordWithSynonyms__8M9z7\">client\u00e8le<\/span> <span class=\"styles_wordWithSynonyms__8M9z7\">priv\u00e9e<\/span> <span class=\"styles_wordWithSynonyms__8M9z7\">et<\/span> <span class=\"styles_wordWithSynonyms__8M9z7\">professionnelle<\/span> haut <span class=\"styles_wordWithSynonyms__8M9z7\">de<\/span> <span class=\"styles_wordWithSynonyms__8M9z7\">gamme<\/span>. D\u00e9t<span class=\"styles_wordWithSynonyms__8M9z7\">en<\/span>dez-vous en toute <span class=\"styles_wordWithSynonyms__8M9z7\">s\u00e9r\u00e9nit\u00e9<\/span> <span class=\"styles_wordWithSynonyms__8M9z7\">tout<\/span> <span class=\"styles_wordWithSynonyms__8M9z7\">en<\/span> percevant <span class=\"styles_wordWithSynonyms__8M9z7\">des<\/span> <span class=\"styles_wordWithSynonyms__8M9z7\">revenus<\/span> locatifs.<\/p>\t\t\t\t\t\t<\/div>\n\t\t\t\t<\/div>\n\t\t\t\t<\/div>\n\t\t<div class=\"elementor-element elementor-element-b5afa7f e-flex e-con-boxed wpr-particle-no wpr-jarallax-no wpr-parallax-no wpr-sticky-section-no e-con e-parent\" data-id=\"b5afa7f\" data-element_type=\"container\" data-core-v316-plus=\"true\">\n\t\t\t\t\t<div class=\"e-con-inner\">\n\t\t<div class=\"elementor-element elementor-element-22e6d11 e-con-full e-flex wpr-particle-no wpr-jarallax-no wpr-parallax-no wpr-sticky-section-no e-con e-child\" data-id=\"22e6d11\" data-element_type=\"container\" data-settings=\"{&quot;background_background&quot;:&quot;classic&quot;}\">\n\t\t\t\t<div class=\"elementor-element elementor-element-7087aed eael-infobox-content-align-center eael-infobox-icon-bg-shape-none eael-infobox-icon-hover-bg-shape-none elementor-widget elementor-widget-eael-info-box\" data-id=\"7087aed\" data-element_type=\"widget\" data-widget_type=\"eael-info-box.default\">\n\t\t\t\t<div class=\"elementor-widget-container\">\n\t\t\t        <div class=\"eael-infobox\">\n\t            <div class=\"infobox-icon eael-icon-only\">\n\n            \n                            <div class=\"infobox-icon-wrap\">\n                                    <\/div>\n            \n            \n        <\/div>\n            <div class=\"infobox-content eael-icon-only\">\n                            <h2 class=\"title\">CONCIERGERIE<\/h2>\n                                                                            <div class=\"infobox-button\">\n            <a class=\"eael-infobox-button\" href=\"https:\/\/silk-key.fr\/?page_id=178\">\n                                <span class=\"infobox-button-text\">EN SAVOIR PLUS<\/span>\n                            <\/a>\n        <\/div>\n                                    <\/div>\n            <\/div>\n\n\t\t\t\t<\/div>\n\t\t\t\t<\/div>\n\t\t\t\t<\/div>\n\t\t\t\t<div class=\"elementor-element elementor-element-bac7109 elementor-widget elementor-widget-spacer\" data-id=\"bac7109\" data-element_type=\"widget\" data-widget_type=\"spacer.default\">\n\t\t\t\t<div class=\"elementor-widget-container\">\n\t\t\t\t\t<div class=\"elementor-spacer\">\n\t\t\t<div class=\"elementor-spacer-inner\"><\/div>\n\t\t<\/div>\n\t\t\t\t<\/div>\n\t\t\t\t<\/div>\n\t\t<div class=\"elementor-element elementor-element-9ee5782 e-con-full e-flex wpr-particle-no wpr-jarallax-no wpr-parallax-no wpr-sticky-section-no e-con e-child\" data-id=\"9ee5782\" data-element_type=\"container\" data-settings=\"{&quot;background_background&quot;:&quot;classic&quot;}\">\n\t\t\t\t<div class=\"elementor-element elementor-element-3005b10 eael-infobox-content-align-center eael-infobox-icon-bg-shape-none eael-infobox-icon-hover-bg-shape-none elementor-widget elementor-widget-eael-info-box\" data-id=\"3005b10\" data-element_type=\"widget\" data-widget_type=\"eael-info-box.default\">\n\t\t\t\t<div class=\"elementor-widget-container\">\n\t\t\t        <div class=\"eael-infobox\">\n\t            <div class=\"infobox-icon eael-icon-only\">\n\n            \n                            <div class=\"infobox-icon-wrap\">\n                                    <\/div>\n            \n            \n        <\/div>\n            <div class=\"infobox-content eael-icon-only\">\n                            <h2 class=\"title\">SOUS-LOCATION PROFESSIONELLE <\/h2>\n                                                                            <div class=\"infobox-button\">\n            <a class=\"eael-infobox-button\" href=\"https:\/\/silk-key.fr\/?page_id=2\">\n                                <span class=\"infobox-button-text\">EN SAVOIR PLUS<\/span>\n                            <\/a>\n        <\/div>\n                                    <\/div>\n            <\/div>\n\n\t\t\t\t<\/div>\n\t\t\t\t<\/div>\n\t\t\t\t<\/div>\n\t\t\t\t\t<\/div>\n\t\t\t\t<\/div>\n\t\t\t\t<\/div>\n\t\t","protected":false},"excerpt":{"rendered":"<p>A PROPOS Confiez la gestion de votre bien \u00e0 des experts de la gestion locative &#8220;D\u00e9couvrez l&#8217;excellence avec Silk Key, votre agence tout-en-un. Maximisez vos revenus locatifs sans souci gr\u00e2ce \u00e0 notre \u00e9quipe de gestion locative professionnelle. B\u00e9n\u00e9ficiez d&#8217;une garantie de loyer mensuel fixe une fois votre bail sign\u00e9, et compl\u00e8te G\u00e9rez toutes les t\u00e2ches [&hellip;]<\/p>\n","protected":false},"author":1,"featured_media":0,"parent":0,"menu_order":0,"comment_status":"closed","ping_status":"closed","template":"elementor_header_footer","meta":{"footnotes":""},"aioseo_notices":[],"_links":{"self":[{"href":"https:\/\/silk-key.fr\/index.php?rest_route=\/wp\/v2\/pages\/304"}],"collection":[{"href":"https:\/\/silk-key.fr\/index.php?rest_route=\/wp\/v2\/pages"}],"about":[{"href":"https:\/\/silk-key.fr\/index.php?rest_route=\/wp\/v2\/types\/page"}],"author":[{"embeddable":true,"href":"https:\/\/silk-key.fr\/index.php?rest_route=\/wp\/v2\/users\/1"}],"replies":[{"embeddable":true,"href":"https:\/\/silk-key.fr\/index.php?rest_route=%2Fwp%2Fv2%2Fcomments&post=304"}],"version-history":[{"count":82,"href":"https:\/\/silk-key.fr\/index.php?rest_route=\/wp\/v2\/pages\/304\/revisions"}],"predecessor-version":[{"id":478,"href":"https:\/\/silk-key.fr\/index.php?rest_route=\/wp\/v2\/pages\/304\/revisions\/478"}],"wp:attachment":[{"href":"https:\/\/silk-key.fr\/index.php?rest_route=%2Fwp%2Fv2%2Fmedia&parent=304"}],"curies":[{"name":"wp","href":"https:\/\/api.w.org\/{rel}","templated":true}]}}